{"id":1478,"date":"2024-10-25T09:39:25","date_gmt":"2024-10-25T09:39:25","guid":{"rendered":"https:\/\/pood.izum.ee\/?page_id=1478"},"modified":"2025-10-24T14:13:27","modified_gmt":"2025-10-24T11:13:27","slug":"transport","status":"publish","type":"page","link":"https:\/\/pood.izum.ee\/et\/transport\/","title":{"rendered":"\u0422\u0440\u0430\u043d\u0441\u043f\u043e\u0440\u0442\u043d\u044b\u0435 \u0443\u0441\u043b\u043e\u0432\u0438\u044f \u0434\u043b\u044f \u0441\u0435\u0437\u043e\u043d\u0430 \u043b\u0430\u0433\u0435\u0440\u044f 2026:"},"content":{"rendered":"<p class=\"has-woostify-heading-1-font-size\"><strong>\u0422\u0440\u0430\u043d\u0441\u043f\u043e\u0440\u0442\u043d\u044b\u0435 \u0443\u0441\u043b\u043e\u0432\u0438\u044f \u0434\u043b\u044f \u0441\u0435\u0437\u043e\u043d\u0430 \u043b\u0430\u0433\u0435\u0440\u044f 2026:<\/strong><\/p>\n\n\n\n<p><\/p>\n\n\n\n<p><br>\u0422\u0440\u0430\u043d\u0441\u0444\u0435\u0440 \u0432 \u043b\u0430\u0433\u0435\u0440\u044c \u0438 \u0438\u0437 \u043b\u0430\u0433\u0435\u0440\u044f \u043d\u0430 \u0430\u0432\u0442\u043e\u0431\u0443\u0441\u0435\u00a0\u043d\u0435 \u0432\u0445\u043e\u0434\u0438\u0442\u00a0\u0432 \u0441\u0442\u043e\u0438\u043c\u043e\u0441\u0442\u044c \u043f\u0443\u0442\u0451\u0432\u043a\u0438.<\/p>\n\n\n\n<p>Umbes kuu aega enne vahetust saate meilt kirja kogu olulise teabega ja peate valima \u00fche j\u00e4rgmistest valikutest:<\/p>\n\n\n\n<ol class=\"wp-block-list\">\n<li>Ma toon lapse ise<\/li>\n\n\n\n<li>Tellin tranfeeri<\/li>\n<\/ol>\n\n\n\n<p>Ma toon ise:<\/p>\n\n\n\n<p>\u0412 \u0441\u043b\u0443\u0447\u0430\u0435, \u0435\u0441\u043b\u0438 \u0432\u044b \u0436\u0435\u043b\u0430\u0435\u0442\u0435 \u043f\u0440\u0438\u0432\u0435\u0437\u0442\u0438 \u0440\u0435\u0431\u0451\u043d\u043a\u0430 \u0441\u0430\u043c\u043e\u0441\u0442\u043e\u044f\u0442\u0435\u043b\u044c\u043d\u043e, \u0442\u043e \u0436\u0434\u0451\u043c \u0432\u0430\u0441 \u0432 \u0434\u0435\u043d\u044c \u043d\u0430\u0447\u0430\u043b\u0430 \u0441\u043c\u0435\u043d\u044b\u00a0<strong>\u043a 10:00<\/strong>\u00a0\u043d\u0430 \u0431\u0430\u0437\u0435 Tammispea \u0438\u00a0<strong>\u043a 12:30\u00a0<\/strong>\u043d\u0430 \u0431\u0430\u0437\u0435 Tuksi<\/p>\n\n\n\n<p>Baasaadressid:<\/p>\n\n\n\n<ol class=\"wp-block-list\">\n<li><strong>\u0411\u0430\u0437\u0430 Tammispea<\/strong>: Tammispea puhkek\u00fcla, Tammispea k\u00fcla, Kuusalu vald, Harjumaa<\/li>\n\n\n\n<li><strong>\u0411\u0430\u0437\u0430 Tuksi<\/strong>: Tuksi spordibaas, Tuksi\/Bergsby k\u00fcla, L\u00e4\u00e4ne-Nigula vald, L\u00e4\u00e4ne maakond, 91221<\/li>\n<\/ol>\n\n\n\n<p>2. Transfeer<\/p>\n\n\n\n<ul class=\"wp-block-list\">\n<li>\u041f\u0440\u0438 \u043f\u043e\u043a\u0443\u043f\u043a\u0435 \u0442\u0440\u0430\u043d\u0441\u0444\u0435\u0440\u0430, \u043e\u0431\u0440\u0430\u0442\u0438\u0442\u0435 \u0432\u043d\u0438\u043c\u0430\u043d\u0438\u0435, \u0447\u0442\u043e \u0430\u0432\u0442\u043e\u0431\u0443\u0441\u044b \u0431\u0443\u0434\u0443\u0442 \u043e\u0442\u043f\u0440\u0430\u0432\u043b\u044f\u0442\u044c\u0441\u044f \u0438 \u043f\u0440\u0438\u0431\u044b\u0432\u0430\u0442\u044c \u043a\/\u043e\u0442\u00a0<strong>Lasnam\u00e4e Centrum\u00a0<\/strong>(Mustakivi tee 13)<\/li>\n\n\n\n<li class=\"translation-block\">Laagrisse v\u00e4ljumise aeg Tammispea baasi: <strong>9:00<\/strong> esimesel vahetuse p\u00e4eval.<\/li>\n\n\n\n<li>\u0412\u0440\u0435\u043c\u044f \u043e\u0442\u043f\u0440\u0430\u0432\u043b\u0435\u043d\u0438\u044f \u0432 \u043b\u0430\u0433\u0435\u0440\u044c \u043d\u0430 \u0431\u0430\u0437\u0443 Tuksi:\u00a0<strong>11:00<\/strong>\u00a0\u0432 \u043f\u0435\u0440\u0432\u044b\u0439 \u0434\u0435\u043d\u044c \u0441\u043c\u0435\u043d\u044b.<\/li>\n\n\n\n<li>\u0412\u0440\u0435\u043c\u044f \u043f\u0440\u0438\u0431\u044b\u0442\u0438\u044f \u0438\u0437 \u043b\u0430\u0433\u0435\u0440\u044f:\u00a0<strong>\u043a 17:00<\/strong> \u0432 \u043f\u043e\u0441\u043b\u0435\u0434\u043d\u0438\u0439 \u0434\u0435\u043d\u044c \u0441\u043c\u0435\u043d\u044b (\u0431\u0443\u0434\u0435\u0442 \u043e\u0442\u0434\u0435\u043b\u044c\u043d\u043e \u0441\u043e\u043e\u0431\u0449\u0435\u043d\u043e \u0432 \u0438\u043d\u0444\u043e-\u043f\u0438\u0441\u044c\u043c\u0435).<\/li>\n\n\n\n<li>\u041d\u0430\u0448\u0430 \u0442\u0435\u043c\u0430 \u0432\u043e\u0437\u0432\u0440\u0430\u0449\u0430\u0435\u0442\u0441\u044f<strong> \u043a 13:00<\/strong> (\u0440\u0435\u0431\u0451\u043d\u043a\u0430 \u0438\u0437 \u043b\u0430\u0433\u0435\u0440\u044f \u0437\u0430\u0431\u0440\u0430\u0442\u044c \u043d\u0443\u0436\u043d\u043e \u0432 12:00)<\/li>\n\n\n\n<li>\u041a\u00a0<strong>Lasnam\u00e4e Centrum<\/strong>\u00a0\u043d\u0435\u043e\u0431\u0445\u043e\u0434\u0438\u043c\u043e \u043f\u0440\u0438\u0431\u044b\u0442\u044c \u0437\u0430 10 \u043c\u0438\u043d\u0443\u0442 \u0434\u043e \u0443\u043a\u0430\u0437\u0430\u043d\u043d\u043e\u0433\u043e \u0432\u0440\u0435\u043c\u0435\u043d\u0438.<\/li>\n\n\n\n<li>Kohvrid ja kotid asetatakse pagasiruumi v\u00f5i juhi poolt n\u00e4idatud kohta.<\/li>\n<\/ul>\n\n\n\n<p>Transfeeri hind:<\/p>\n\n\n\n<ul class=\"wp-block-list\">\n<li>\u0411\u0430\u0437\u0430 Tammispea \u2013\u00a0<strong>25 \u0435\u0432\u0440\u043e<\/strong>\u00a0(\u0442\u0443\u0434\u0430 \u0438 \u043e\u0431\u0440\u0430\u0442\u043d\u043e)<\/li>\n\n\n\n<li>\u0411\u0430\u0437\u0430 Tuksi \u2013\u00a0<strong>35 \u0435\u0432\u0440\u043e<\/strong>\u00a0(\u0442\u0443\u0434\u0430 \u0438 \u043e\u0431\u0440\u0430\u0442\u043d\u043e)<\/li>\n<\/ul>","protected":false},"excerpt":{"rendered":"<p>\u0422\u0440\u0430\u043d\u0441\u043f\u043e\u0440\u0442\u043d\u044b\u0435 \u0443\u0441\u043b\u043e\u0432\u0438\u044f \u0434\u043b\u044f \u0441\u0435\u0437\u043e\u043d\u0430 \u043b\u0430\u0433\u0435\u0440\u044f 2026: \u0422\u0440\u0430\u043d\u0441\u0444\u0435\u0440 \u0432 \u043b\u0430\u0433\u0435\u0440\u044c \u0438 \u0438\u0437 \u043b\u0430\u0433\u0435\u0440\u044f \u043d\u0430 \u0430\u0432\u0442\u043e\u0431\u0443\u0441\u0435\u00a0\u043d\u0435 \u0432\u0445\u043e\u0434\u0438\u0442\u00a0\u0432 \u0441\u0442\u043e\u0438\u043c\u043e\u0441\u0442\u044c \u043f\u0443\u0442\u0451\u0432\u043a\u0438. \u041f\u0440\u0438\u043c\u0435\u0440\u043d\u043e \u0437\u0430 \u043c\u0435\u0441\u044f\u0446&#8230;<\/p>","protected":false},"author":1,"featured_media":0,"parent":0,"menu_order":0,"comment_status":"closed","ping_status":"closed","template":"","meta":{"footnotes":""},"class_list":["post-1478","page","type-page","status-publish","hentry"],"_links":{"self":[{"href":"https:\/\/pood.izum.ee\/et\/wp-json\/wp\/v2\/pages\/1478","targetHints":{"allow":["GET"]}}],"collection":[{"href":"https:\/\/pood.izum.ee\/et\/wp-json\/wp\/v2\/pages"}],"about":[{"href":"https:\/\/pood.izum.ee\/et\/wp-json\/wp\/v2\/types\/page"}],"author":[{"embeddable":true,"href":"https:\/\/pood.izum.ee\/et\/wp-json\/wp\/v2\/users\/1"}],"replies":[{"embeddable":true,"href":"https:\/\/pood.izum.ee\/et\/wp-json\/wp\/v2\/comments?post=1478"}],"version-history":[{"count":9,"href":"https:\/\/pood.izum.ee\/et\/wp-json\/wp\/v2\/pages\/1478\/revisions"}],"predecessor-version":[{"id":2742,"href":"https:\/\/pood.izum.ee\/et\/wp-json\/wp\/v2\/pages\/1478\/revisions\/2742"}],"wp:attachment":[{"href":"https:\/\/pood.izum.ee\/et\/wp-json\/wp\/v2\/media?parent=1478"}],"curies":[{"name":"wp","href":"https:\/\/api.w.org\/{rel}","templated":true}]}}