{"id":85,"date":"2023-10-23T13:00:35","date_gmt":"2023-10-23T13:00:35","guid":{"rendered":"https:\/\/pood.izum.ee\/?page_id=85"},"modified":"2025-05-21T11:14:48","modified_gmt":"2025-05-21T11:14:48","slug":"pravila","status":"publish","type":"page","link":"https:\/\/pood.izum.ee\/et\/pravila\/","title":{"rendered":"K\u00e4itumisreeglid laagriplatsil"},"content":{"rendered":"<h2 class=\"wp-block-heading\">K\u00e4itumisreeglid laagriplatsil<\/h2>\n\n\n\n<ol class=\"wp-block-list\">\n<li>Laagri territooriumile on keelatud tuua narkootikume, alkoholi, p\u00fcrotehnikat, kergestis\u00fcttivaid ja radioaktiivseid, m\u00fcrgiseid, tundmatuid aineid, samuti tera- ja tulirelvi. \u00dclaltoodud ainete avastamisel saadetakse puhkaja laagrist kohe v\u00e4lja.<\/li>\n\n\n\n<li>Puhkekeskuse territooriumil on keelatud alkoholi, energiajookide, narkootikumide, elektrooniliste sigarettide ja tubaka tarbimine.<\/li>\n\n\n\n<li>Ruumidest lahkudes tuleb kontrollida, kas kodumasinad, elektriseadmed, tuled on v\u00e4lja l\u00fclitatud.<\/li>\n\n\n\n<li>Vara kahjustamine on keelatud. Seintele, laudadele, vooditele ja muule varale joonistamine on keelatud. Vara kahjustamise korral maksab h\u00fcvitise vanem\/eestkostja v\u00f5i puhkaja koostatud akti alusel.<\/li>\n\n\n\n<li>Ruumides on keelatud kasutada elektriboilereid, lahtist tuld (tikud, k\u00fc\u00fcnlad) ega tuleohtlikke aineid.<\/li>\n\n\n\n<li>Tulekahju v\u00f5i muude ohtlike juhtumite korral tuleb teavitada K\u00d5IGEST PUHKEKESKUSE T\u00d6\u00d6TAJAT v\u00f5i helistada numbril 112.<\/li>\n\n\n\n<li>Puhkekeskuse territooriumil tuleb s\u00e4ilitada vaikus kella 23.00-7.00<\/li>\n\n\n\n<li>K\u00f5ik laagris osalejad peavad j\u00e4rgima laagrireegleid, p\u00e4evakava ning \u00f5petaja ja laagri korraldaja juhiseid. Raskete rikkumiste korral v\u00f5tab laagri juhtkond \u00fchendust vanemate v\u00f5i eestkostjatega, vajadusel v\u00f5ib lapse koju saata ilma teenuse eest raha tagastamata.<\/li>\n\n\n\n<li>Laps ja t\u00f6\u00f6taja peavad laagrisse j\u00f5udma tervena. Erijuhtudel tervishoiut\u00f6\u00f6taja n\u00f5usolekul v\u00f5ib laagrisse vastu v\u00f5tta ka lapse.<\/li>\n\n\n\n<li>Laagri territooriumilt lahkumine ilma saatva t\u00e4iskasvanuta on KEELATUD.<\/li>\n\n\n\n<li>\u00dcksi, ilma t\u00e4iskasvanuteta rannas viibimine ja \u00fcksi ujumine on KEELATUD.<\/li>\n\n\n\n<li>Osalejad on kohustatud hoidma korras ruumi, kus nad elavad. Alates 10. eluaastast koristavad lapsed ise oma tubasid.<\/li>\n\n\n\n<li>V\u00e4\u00e4risesemed ja mobiiltelefonid antakse hoiule \u00f5petajale (muidu laager v\u00e4\u00e4risesemete eest ei vastuta). Puhkusel olevad lapsed saavad telefoni 2 korda p\u00e4evas: peale hommiku- ja \u00f5htus\u00f6\u00f6ki v\u00f5i vajadusel.<\/li>\n<\/ol>","protected":false},"excerpt":{"rendered":"<p>K\u00e4itumisreeglid laagriplatsil<\/p>","protected":false},"author":1,"featured_media":0,"parent":0,"menu_order":0,"comment_status":"closed","ping_status":"closed","template":"","meta":{"footnotes":""},"class_list":["post-85","page","type-page","status-publish","hentry"],"_links":{"self":[{"href":"https:\/\/pood.izum.ee\/et\/wp-json\/wp\/v2\/pages\/85","targetHints":{"allow":["GET"]}}],"collection":[{"href":"https:\/\/pood.izum.ee\/et\/wp-json\/wp\/v2\/pages"}],"about":[{"href":"https:\/\/pood.izum.ee\/et\/wp-json\/wp\/v2\/types\/page"}],"author":[{"embeddable":true,"href":"https:\/\/pood.izum.ee\/et\/wp-json\/wp\/v2\/users\/1"}],"replies":[{"embeddable":true,"href":"https:\/\/pood.izum.ee\/et\/wp-json\/wp\/v2\/comments?post=85"}],"version-history":[{"count":3,"href":"https:\/\/pood.izum.ee\/et\/wp-json\/wp\/v2\/pages\/85\/revisions"}],"predecessor-version":[{"id":2086,"href":"https:\/\/pood.izum.ee\/et\/wp-json\/wp\/v2\/pages\/85\/revisions\/2086"}],"wp:attachment":[{"href":"https:\/\/pood.izum.ee\/et\/wp-json\/wp\/v2\/media?parent=85"}],"curies":[{"name":"wp","href":"https:\/\/api.w.org\/{rel}","templated":true}]}}